{"id":1884,"date":"2019-04-12T08:58:48","date_gmt":"2019-04-12T06:58:48","guid":{"rendered":"http:\/\/www.grupobynsa.com\/blog\/?page_id=1884"},"modified":"2021-05-03T09:02:02","modified_gmt":"2021-05-03T07:02:02","slug":"bases-legales","status":"publish","type":"page","link":"https:\/\/www.compymascotas.es\/blog\/bases-legales\/","title":{"rendered":"Bases legales"},"content":{"rendered":"\n<p><strong>Bases legales:<\/strong><\/p>\n\n\n\n<p><strong>1.&nbsp;Compa\u00f1\u00eda Organizadora<\/strong><\/p>\n\n\n\n<p>BYNSA MASCOTAS, S.L (en adelante BYNSA\n\/Grupo Bynsa) con domicilio social en POL\u00cdGONO INDUSTRIAL LA NORIA \u2013 EL\nVADILLO, S\/N \u2013 50730 EL BURGO DE EBRO \u2013 ZARAGOZA con CIF n\u00famero B98132830\norganiza el concurso denominado \u201cHistorias de Mascotas\u201d (en adelante\n\u201cconcurso\u201d) con la finalidad de promocionar la marca&nbsp;<a href=\"https:\/\/www.facebook.com\/mascotassaludables\">Mascotas Saludables<\/a>.<\/p>\n\n\n\n<p><strong>2. \u00c1mbito y Duraci\u00f3n.<\/strong><\/p>\n\n\n\n<p>Esta promoci\u00f3n tendr\u00e1 lugar en todo el\nterritorio peninsular espa\u00f1ol, Islas Baleares y Canarias, Ceuta y Melilla.<br>\nEl concurso se realizar\u00e1 a lo largo de 2019, a contar desde el 1 de abril de\n2019. <\/p>\n\n\n\n<p><strong>3. Condiciones y mec\u00e1nica del Concurso.<\/strong><\/p>\n\n\n\n<p>El concurso tendr\u00e1 lugar en el blog de\nMascotas Saludables <a href=\"https:\/\/www.grupobynsa.com\/blog\/\">https:\/\/www.grupobynsa.com\/blog\/<\/a> &nbsp;<br>\nPara participar es necesario reunir los siguientes requisitos, tanto en el\nmomento de participar como durante la vigencia del concurso:<br>\na) Ser persona f\u00edsica, mayor de edad, con residencia legal en Espa\u00f1a.<br>\nb) Enviar a trav\u00e9s del formulario habilitado para ello en el blog el relato de\nsu historia real con su mascota.<\/p>\n\n\n\n<p>Entre todas las historias recibidas, un\njurado compuesto por empleados de Grupo Bynsa ir\u00e1 seleccionando las mejores\nhistorias de las recibidas para irlas publicando en el blog. Adem\u00e1s del premio\nde la propia difusi\u00f3n de la historia, Grupo Bynsa premiar\u00e1 estos relatos con\nuna c\u00e1mara deportiva, que se enviar\u00e1 a los participantes que resulten\nganadores.<\/p>\n\n\n\n<p>Todas las respuestas compartidas por los\nusuarios fuera del formulario indicado no ser\u00e1n v\u00e1lidas ni tenidas en cuenta para\nel concurso. <\/p>\n\n\n\n<p><br>\nAdem\u00e1s de las personas que no cumplan todos los requisitos anteriores, quedan\nexcluidos de la participaci\u00f3n en esta promoci\u00f3n los empleados de Grupo Bynsa y\nde las empresas que intervienen en la gesti\u00f3n de esta promoci\u00f3n y sus\nfamiliares (de primer o segundo grado, por consanguinidad o afinidad).<\/p>\n\n\n\n<p>Tambi\u00e9n ser\u00e1 causa de exclusi\u00f3n del\nconcurso la realizaci\u00f3n de afirmaciones, orales o escritas, en cualquier medio,\nque fueran consideradas como ofensivas o de mal gusto a juicio de Bynsa.<\/p>\n\n\n\n<p><strong>4. Selecci\u00f3n y comunicaci\u00f3n del ganador.<\/strong><\/p>\n\n\n\n<p>El ganador ser\u00e1 elegido ante un jurado\ncompuesto por empleados de BYNSA, que valorar\u00e1n la creatividad y la verosimilitud\nde estos relatos.<\/p>\n\n\n\n<p>Se notificar\u00e1 el ganador despu\u00e9s de la\nrealizaci\u00f3n de la selecci\u00f3n y se dar\u00e1 a conocer a trav\u00e9s de la publicaci\u00f3n de\ndicha historia. Igualmente Grupo Bynsa contactar\u00e1 con el ganador para realizar\nlos tr\u00e1mites necesarios para hacerle llegar su premio.<\/p>\n\n\n\n<p>El ganador estar\u00e1 obligado a facilitar a\nBynsa toda la informaci\u00f3n solicitada que justifique el cumplimiento de los\nrequisitos.<\/p>\n\n\n\n<p>El ganador perder\u00e1 su derecho a obtener\ny reclamar el premio en los siguientes casos:<\/p>\n\n\n\n<ul><li>Si no facilita toda la informaci\u00f3n solicitada por\nBynsa.<\/li><li>Si no cumple con los requisitos de participaci\u00f3n\nestablecidos en el apartado 3 anterior.<\/li><li>Si no contacta con Bynsa transcurrido un plazo de 96\nhoras desde el primer contacto.<\/li><li>Si renuncia al premio.<\/li><li>Si incumple cualquiera de las obligaciones previstas\nen las presentes bases.<\/li><\/ul>\n\n\n\n<p><strong>5. Premio<\/strong><\/p>\n\n\n\n<p>C\u00e1mara de v\u00eddeo deportiva SK8 Cam 4k\nv\u00eddeo ultra HD, wifi, superangular, pantalla LCD, o de similares\ncaracter\u00edsticas.<\/p>\n\n\n\n<p><strong>6. Reservas y limitaciones.<\/strong><\/p>\n\n\n\n<p>BYNSA queda eximido de cualquier\nresponsabilidad en el supuesto de existir alg\u00fan error en los datos facilitados\npor el propio agraciado que impidiera su identificaci\u00f3n.<\/p>\n\n\n\n<p>BYNSA excluye cualquier responsabilidad\npor da\u00f1os y perjuicios de toda naturaleza que puedan deberse a la falta temporal\nde disponibilidad o de continuidad del funcionamiento de los servicios mediante\nlos que se participa en la promoci\u00f3n, a la defraudaci\u00f3n de la utilidad que los\nusuarios hubieren podido atribuir a los mismos, y en particular, aunque no de\nmodo exclusivo, a los fallos en el acceso a las distintas p\u00e1ginas y env\u00edos de\nrespuestas de participaci\u00f3n a trav\u00e9s de Internet, o comunicaciones telef\u00f3nicas\nhabilitadas al efecto.<\/p>\n\n\n\n<p>BYNSA se reserva el derecho a efectuar\ncambios que redunden en el buen fin del concurso cuando concurra causa justa o\nmotivos de fuerza mayor que impidan llevarlo a t\u00e9rmino en la forma en que\nrecogen las presentes bases. BYNSA se reserva el derecho a aplazar o ampliar el\nper\u00edodo del Concurso, as\u00ed como la facultad de interpretar las presentes bases\nlegales.<\/p>\n\n\n\n<p>Si por causas de fuerza mayor fuera\nnecesario aplazar, modificar, anular o repetir la promoci\u00f3n, este hecho se\nnotificar\u00e1 a los participantes por los mismos medios que le ha&nbsp;sido\nnotificada dicha promoci\u00f3n, d\u00e1ndole a la modificaci\u00f3n el mismo grado de\npublicidad&nbsp;que a la presente promoci\u00f3n<\/p>\n\n\n\n<p>La empresa organizadora se reserva el\nderecho de acortar, prorrogar, modificar o cancelar esta promoci\u00f3n, si\nconcurrieran circunstancias excepcionales que impidieran su realizaci\u00f3n,\ncomunicando dichas circunstancias de manera que se evite cualquier perjuicio\npara los participantes en la promoci\u00f3n.<\/p>\n\n\n\n<p>La empresa organizadora de la promoci\u00f3n\nno ser\u00e1 responsable de los retrasos, p\u00e9rdidas o deterioros por causas que no le\nsean imputables. La empresa organizadora tampoco responder\u00e1 de los casos de\nfuerza mayor que pudieran impedir al ganador el disfrute total o parcial de su\npremio. Asimismo, la empresa organizadora quedar\u00e1 exenta de toda\nresponsabilidad si concurriere alguno de los casos se\u00f1alados, as\u00ed como de\ncualquier responsabilidad por los da\u00f1os y perjuicios que pudiesen ocasionarse\ndurante el disfrute del premio.<\/p>\n\n\n\n<p>La empresa organizadora excluye\ncualquier responsabilidad por da\u00f1os y perjuicios de toda naturaleza que puedan\ndeberse a la falta temporal de disponibilidad o de continuidad del\nfuncionamiento de la Web mediante el cual se participa en la promoci\u00f3n, a la\ndefraudaci\u00f3n de la utilidad que los usuarios hubieren podido atribuir al mismo\ny, en particular, aunque no de modo exclusivo, a los fallos en el acceso a las distintas\np\u00e1ginas y env\u00edos de respuestas de participaci\u00f3n a trav\u00e9s de Internet. La\nempresa organizadora se reserva el derecho de eliminar de la promoci\u00f3n por\ncausa justificada a cualquier usuario que defraude, altere o inutilice el buen\nfuncionamiento y el transcurso normal y reglamentario de la misma.<\/p>\n\n\n\n<p><strong>7. Tratamiento de Datos Personales.<\/strong><\/p>\n\n\n\n<p>Los datos suministrados por los\nparticipantes ser\u00e1n tratados confidencialmente y se tomar\u00e1n las medidas\nt\u00e9cnicas y organizativas adecuadas para garantizar la seguridad de los datos\npersonales.<\/p>\n\n\n\n<p>Todos los datos de car\u00e1cter personal\nser\u00e1n tratados por la empresa Responsable del tratamiento, Grupo Bynsa, con la\nfinalidad de gestionar adecuadamente el concurso y enviarle informaci\u00f3n\ncomercial de Grupo Bynsa o Mascotas Saludables que pudiera ser de su inter\u00e9s.\nGrupo Bynsa guardar\u00e1 dichos datos durante cinco a\u00f1os. Cada participante\nautoriza la utilizaci\u00f3n de los mismos para las comunicaciones, incluyendo las\nrealizadas v\u00eda correo electr\u00f3nico, que Bynsa o alguna de sus empresas del Grupo\nBynsa realice con fines promocionales o informativos.<\/p>\n\n\n\n<p>Queda informado de que sus datos podr\u00e1n\nser comunicados, con obligaci\u00f3n de confidencialidad, a las empresas\ncolaboradoras de BYNSA o alguna de sus empresas del Grupo Bynsa, siempre que\nello sea necesario a los fines especificados.<\/p>\n\n\n\n<p>Grupo Bynsa garantiza tratar de forma\ndiligente los datos de car\u00e1cter personal a los que tenga acceso por motivo del\nconcurso de conformidad con la normativa europea de protecci\u00f3n de datos de\ncar\u00e1cter personal UE 679\/2016, Reglamento General de Protecci\u00f3n datos. Los interesados\npodr\u00e1n ejercer los derechos de acceso, rectificaci\u00f3n, supresi\u00f3n, oposici\u00f3n,\nlimitaci\u00f3n de tratamiento, portabilidad y a no ser objeto de decisiones\nindividuales automatizadas en el correo electr\u00f3nico&nbsp;<a href=\"mailto:proteccion-datos@grupobynsa.com\">proteccion-datos@grupobynsa.com<\/a>, o en la direcci\u00f3n Pol\u00edgono Industrial\nLa Noria \u2013 El Vadillo, S\/N \u2013 50730 \u2013 El Burgo de Ebro (Zaragoza). De igual\nmanera, le informamos que tiene derecho a retirar el consentimiento para\ncualquiera de las finalidades otorgadas, sin que ello afecta a la licitud de\nlos tratamientos previos a su retirada. Si usted no desea recibir m\u00e1s\ninformaci\u00f3n comercial v\u00eda e-mail remita un correo a&nbsp;<a href=\"mailto:proteccion-datos@grupobynsa.com\"><strong>proteccion-datos@grupobynsa.com<\/strong><\/a><strong>.<\/strong><\/p>\n\n\n\n<p><strong>8. Aceptaci\u00f3n de las bases.<\/strong><\/p>\n\n\n\n<p>La simple participaci\u00f3n implica la\naceptaci\u00f3n de las presentes Bases, por lo que la manifestaci\u00f3n en el sentido de\nno aceptaci\u00f3n de la totalidad o parte de las mismas implicar\u00e1 la exclusi\u00f3n del\nparticipante y como consecuencia de ello, BYNSA quedar\u00e1 liberada del\ncumplimiento de la obligaci\u00f3n contra\u00edda con dicho participante.<\/p>\n","protected":false},"excerpt":{"rendered":"<p>Bases legales: 1.&nbsp;Compa\u00f1\u00eda Organizadora BYNSA MASCOTAS, S.L (en adelante BYNSA \/Grupo Bynsa) con domicilio social en POL\u00cdGONO INDUSTRIAL LA NORIA \u2013 EL VADILLO, S\/N \u2013 50730 EL BURGO DE EBRO \u2013 ZARAGOZA con CIF n\u00famero B98132830 organiza el concurso denominado \u201cHistorias de Mascotas\u201d (en adelante \u201cconcurso\u201d) con la finalidad de promocionar la marca&nbsp;Mascotas Saludables. 2. [&hellip;]<\/p>\n","protected":false},"author":1,"featured_media":0,"parent":0,"menu_order":0,"comment_status":"closed","ping_status":"closed","template":"","meta":{"_et_pb_use_builder":"off","_et_pb_old_content":"","_et_gb_content_width":""},"acf":[],"aioseo_notices":[],"_links":{"self":[{"href":"https:\/\/www.compymascotas.es\/blog\/wp-json\/wp\/v2\/pages\/1884"}],"collection":[{"href":"https:\/\/www.compymascotas.es\/blog\/wp-json\/wp\/v2\/pages"}],"about":[{"href":"https:\/\/www.compymascotas.es\/blog\/wp-json\/wp\/v2\/types\/page"}],"author":[{"embeddable":true,"href":"https:\/\/www.compymascotas.es\/blog\/wp-json\/wp\/v2\/users\/1"}],"replies":[{"embeddable":true,"href":"https:\/\/www.compymascotas.es\/blog\/wp-json\/wp\/v2\/comments?post=1884"}],"version-history":[{"count":1,"href":"https:\/\/www.compymascotas.es\/blog\/wp-json\/wp\/v2\/pages\/1884\/revisions"}],"predecessor-version":[{"id":1885,"href":"https:\/\/www.compymascotas.es\/blog\/wp-json\/wp\/v2\/pages\/1884\/revisions\/1885"}],"wp:attachment":[{"href":"https:\/\/www.compymascotas.es\/blog\/wp-json\/wp\/v2\/media?parent=1884"}],"curies":[{"name":"wp","href":"https:\/\/api.w.org\/{rel}","templated":true}]}}